{"id":5548,"date":"2018-05-16T15:18:22","date_gmt":"2018-05-16T14:18:22","guid":{"rendered":"http:\/\/www.mabru.be\/declaration-de-lasbl-mabru-relative-a-protection-de-vie-privee\/"},"modified":"2018-05-16T15:18:22","modified_gmt":"2018-05-16T14:18:22","slug":"declaration-de-lasbl-mabru-relative-a-protection-de-vie-privee","status":"publish","type":"page","link":"https:\/\/www.mabru.be\/en\/declaration-de-lasbl-mabru-relative-a-protection-de-vie-privee\/","title":{"rendered":"D\u00e9claration de l\u2019asbl Mabru relative \u00e0 la protection de la vie priv\u00e9e"},"content":{"rendered":"<h1>D\u00e9claration de l\u2019asbl Mabru relative \u00e0 la protection de la vie priv\u00e9e<\/h1>\n<p>L\u2019asbl Mabru respecte la l\u00e9gislation sur la protection de la vie priv\u00e9e. Lisez ci-dessous ce que cela signifie concr\u00e8tement.<\/p>\n<p>&nbsp;<\/p>\n<p><strong>Comment les donn\u00e9es personnelles sont-elles collect\u00e9es par l\u2019asbl Mabru ?<\/strong><\/p>\n<p>L\u2019asbl Mabru collecte uniquement les donn\u00e9es personnelles qui lui sont communiqu\u00e9es par vos soins ou par des tiers, dans le cadre d&#8217;un service demand\u00e9.<\/p>\n<p>&nbsp;<\/p>\n<p><strong>Quelles donn\u00e9es personnelles sont trait\u00e9es ?<\/strong><\/p>\n<p>L\u2019asbl Mabru collecte uniquement les donn\u00e9es personnelles n\u00e9cessaires \u00e0 l&#8217;ex\u00e9cution d&#8217;un service que vous demandez (ou qui est demand\u00e9 par des tiers).<\/p>\n<p>&nbsp;<\/p>\n<p><strong>Quand et pourquoi les donn\u00e9es personnelles sont-elles trait\u00e9es ?<\/strong><\/p>\n<p>L\u2019asbl Mabru ne traite ces donn\u00e9es que dans certains cas :<\/p>\n<p>&#8211; si vous lui en avez explicitement donn\u00e9 l&#8217;autorisation ;<\/p>\n<p>&#8211; ou si leur traitement est n\u00e9cessaire \u00e0 un service que vous lui avez demand\u00e9 de fournir\u00a0;<\/p>\n<p>&#8211; ou si nous sommes l\u00e9galement oblig\u00e9s de traiter les donn\u00e9es\u00a0;<\/p>\n<p>&#8211; ou si cela pr\u00e9sente un int\u00e9r\u00eat public ou l\u00e9gitime.<\/p>\n<p>&nbsp;<\/p>\n<p><strong>Comment les donn\u00e9es personnelles sont-elles trait\u00e9es ?<\/strong><\/p>\n<p>&#8211; Les donn\u00e9es des personnes mineures et les donn\u00e9es personnelles sensibles (par ex. un num\u00e9ro de compte en banque) sont toujours trait\u00e9es de mani\u00e8re confidentielle et ne sont jamais divulgu\u00e9es.<\/p>\n<p>&#8211; Vos donn\u00e9es ne sont utilis\u00e9es qu&#8217;en fonction du service que vous demandez (pour autant qu\u2019il soit satisfait aux conditions d\u00e9crites au paragraphe ci-dessus) : si vous vous abonnez par exemple \u00e0 une ou plusieurs lettres d&#8217;information, nous utilisons vos donn\u00e9es uniquement pour vous les envoyer. Chaque lettre d&#8217;information vous donne la possibilit\u00e9 de vous d\u00e9sabonner.<\/p>\n<p>&#8211; Nous ne communiquons jamais vos coordonn\u00e9es \u00e0 des tiers \u00e0 des fins commerciales.<\/p>\n<p>&nbsp;<\/p>\n<p><strong>Pendant combien de temps les donn\u00e9es personnelles sont-elles conserv\u00e9es ?<\/strong><\/p>\n<p>&#8211; Si vous d\u00e9posez un dossier de candidature via ce site, si vous faites une demande d\u2019abonnement, nous conservons vos donn\u00e9es le temps n\u00e9cessaire \u00e0 l\u2019ex\u00e9cution correcte du service demand\u00e9.<\/p>\n<p>&#8211; L\u2019asbl Mabru peut d\u00e9cider en outre de collecter certaines donn\u00e9es cumul\u00e9es \u00e0 plus long terme, afin d&#8217;\u00e9valuer et d&#8217;adapter son propre fonctionnement. Aucune identification individuelle n&#8217;est de mise en la mati\u00e8re.<\/p>\n<p>&nbsp;<\/p>\n<p><strong>Mes donn\u00e9es personnelles sont-elles conserv\u00e9es de mani\u00e8re s\u00fbre ?<\/strong><\/p>\n<p>Vos donn\u00e9es sont trait\u00e9es de mani\u00e8re s\u00fbre. C&#8217;est pourquoi nous utilisons diff\u00e9rentes technologies et mesures de s\u00e9curit\u00e9 pour prot\u00e9ger correctement vos donn\u00e9es contre tout acc\u00e8s, toute utilisation, perte ou divulgation non autoris\u00e9s. Au besoin, ces technologies et ces mesures sont test\u00e9es et adapt\u00e9es \u00e0 intervalles r\u00e9guliers.<\/p>\n<p>&nbsp;<\/p>\n<p><strong>Que puis-je personnellement faire en ce qui concerne mes donn\u00e9es personnelles ?<\/strong><\/p>\n<p>&#8211; Si vous d\u00e9sirez modifier quelque chose dans vos coordonn\u00e9es, vous pouvez contacter mabru@mabru.be<\/p>\n<p>&#8211; Vous avez le droit d&#8217;\u00eatre \u2018oubli\u00e9(e)\u2019. \u00c0 cet effet, contactez mabru@mabru.be<\/p>\n<p>&#8211; Vous pouvez \u00e0 tout moment consulter les donn\u00e9es personnelles que l\u2019asbl Mabru traite en ce qui vous concerne et \u00e9ventuellement corriger ou supprimer des donn\u00e9es inexactes ou incompl\u00e8tes. Si vous disposez d&#8217;un profil en ligne, vous pouvez modifier ou supprimer vous- m\u00eame vos donn\u00e9es personnelles.<\/p>\n<p>&#8211; Si vous estimez que vos donn\u00e9es sont trait\u00e9es de mani\u00e8re incorrecte, vous pouvez porter plainte aupr\u00e8s de la Commission de la protection de la vie priv\u00e9e.<\/p>\n<p>&nbsp;<\/p>\n<p><strong>D&#8217;autres questions ou remarques ?<\/strong><\/p>\n<p>Envoyez un e-mail \u00e0 mabru@mabru.be<\/p>\n","protected":false},"excerpt":{"rendered":"<p>D\u00e9claration de l\u2019asbl Mabru relative \u00e0 la protection de la vie priv\u00e9e L\u2019asbl Mabru respecte la l\u00e9gislation sur la protection [&hellip;]<\/p>\n","protected":false},"author":1,"featured_media":0,"parent":0,"menu_order":0,"comment_status":"closed","ping_status":"closed","template":"","meta":{"_acf_changed":false,"footnotes":""},"class_list":["post-5548","page","type-page","status-publish","hentry"],"acf":[],"yoast_head":"<!-- This site is optimized with the Yoast SEO plugin v27.4 - https:\/\/yoast.com\/product\/yoast-seo-wordpress\/ -->\n<title>D\u00e9claration de l\u2019asbl Mabru relative \u00e0 la protection de la vie priv\u00e9e - Mabru<\/title>\n<meta name=\"robots\" content=\"index, follow, max-snippet:-1, max-image-preview:large, max-video-preview:-1\" \/>\n<link rel=\"canonical\" href=\"https:\/\/www.mabru.be\/en\/declaration-de-lasbl-mabru-relative-a-protection-de-vie-privee\/\" \/>\n<meta property=\"og:locale\" content=\"en_US\" \/>\n<meta property=\"og:type\" content=\"article\" \/>\n<meta property=\"og:title\" content=\"D\u00e9claration de l\u2019asbl Mabru relative \u00e0 la protection de la vie priv\u00e9e - Mabru\" \/>\n<meta property=\"og:description\" content=\"D\u00e9claration de l\u2019asbl Mabru relative \u00e0 la protection de la vie priv\u00e9e L\u2019asbl Mabru respecte la l\u00e9gislation sur la protection [&hellip;]\" \/>\n<meta property=\"og:url\" content=\"https:\/\/www.mabru.be\/en\/declaration-de-lasbl-mabru-relative-a-protection-de-vie-privee\/\" \/>\n<meta property=\"og:site_name\" content=\"Mabru\" \/>\n<meta name=\"twitter:label1\" content=\"Est. reading time\" \/>\n\t<meta name=\"twitter:data1\" content=\"3 minutes\" \/>\n<script type=\"application\/ld+json\" class=\"yoast-schema-graph\">{\"@context\":\"https:\\\/\\\/schema.org\",\"@graph\":[{\"@type\":\"WebPage\",\"@id\":\"https:\\\/\\\/www.mabru.be\\\/en\\\/declaration-de-lasbl-mabru-relative-a-protection-de-vie-privee\\\/\",\"url\":\"https:\\\/\\\/www.mabru.be\\\/en\\\/declaration-de-lasbl-mabru-relative-a-protection-de-vie-privee\\\/\",\"name\":\"D\u00e9claration de l\u2019asbl Mabru relative \u00e0 la protection de la vie priv\u00e9e - Mabru\",\"isPartOf\":{\"@id\":\"https:\\\/\\\/www.mabru.be\\\/#website\"},\"datePublished\":\"2018-05-16T14:18:22+00:00\",\"breadcrumb\":{\"@id\":\"https:\\\/\\\/www.mabru.be\\\/en\\\/declaration-de-lasbl-mabru-relative-a-protection-de-vie-privee\\\/#breadcrumb\"},\"inLanguage\":\"en-US\",\"potentialAction\":[{\"@type\":\"ReadAction\",\"target\":[\"https:\\\/\\\/www.mabru.be\\\/en\\\/declaration-de-lasbl-mabru-relative-a-protection-de-vie-privee\\\/\"]}]},{\"@type\":\"BreadcrumbList\",\"@id\":\"https:\\\/\\\/www.mabru.be\\\/en\\\/declaration-de-lasbl-mabru-relative-a-protection-de-vie-privee\\\/#breadcrumb\",\"itemListElement\":[{\"@type\":\"ListItem\",\"position\":1,\"name\":\"Accueil\",\"item\":\"https:\\\/\\\/www.mabru.be\\\/en\\\/\"},{\"@type\":\"ListItem\",\"position\":2,\"name\":\"D\u00e9claration de l\u2019asbl Mabru relative \u00e0 la protection de la vie priv\u00e9e\"}]},{\"@type\":\"WebSite\",\"@id\":\"https:\\\/\\\/www.mabru.be\\\/#website\",\"url\":\"https:\\\/\\\/www.mabru.be\\\/\",\"name\":\"Mabru\",\"description\":\"March\u00e9 Matinal de Bruxelles\",\"potentialAction\":[{\"@type\":\"SearchAction\",\"target\":{\"@type\":\"EntryPoint\",\"urlTemplate\":\"https:\\\/\\\/www.mabru.be\\\/?s={search_term_string}\"},\"query-input\":{\"@type\":\"PropertyValueSpecification\",\"valueRequired\":true,\"valueName\":\"search_term_string\"}}],\"inLanguage\":\"en-US\"}]}<\/script>\n<!-- \/ Yoast SEO plugin. -->","yoast_head_json":{"title":"D\u00e9claration de l\u2019asbl Mabru relative \u00e0 la protection de la vie priv\u00e9e - Mabru","robots":{"index":"index","follow":"follow","max-snippet":"max-snippet:-1","max-image-preview":"max-image-preview:large","max-video-preview":"max-video-preview:-1"},"canonical":"https:\/\/www.mabru.be\/en\/declaration-de-lasbl-mabru-relative-a-protection-de-vie-privee\/","og_locale":"en_US","og_type":"article","og_title":"D\u00e9claration de l\u2019asbl Mabru relative \u00e0 la protection de la vie priv\u00e9e - Mabru","og_description":"D\u00e9claration de l\u2019asbl Mabru relative \u00e0 la protection de la vie priv\u00e9e L\u2019asbl Mabru respecte la l\u00e9gislation sur la protection [&hellip;]","og_url":"https:\/\/www.mabru.be\/en\/declaration-de-lasbl-mabru-relative-a-protection-de-vie-privee\/","og_site_name":"Mabru","twitter_misc":{"Est. reading time":"3 minutes"},"schema":{"@context":"https:\/\/schema.org","@graph":[{"@type":"WebPage","@id":"https:\/\/www.mabru.be\/en\/declaration-de-lasbl-mabru-relative-a-protection-de-vie-privee\/","url":"https:\/\/www.mabru.be\/en\/declaration-de-lasbl-mabru-relative-a-protection-de-vie-privee\/","name":"D\u00e9claration de l\u2019asbl Mabru relative \u00e0 la protection de la vie priv\u00e9e - Mabru","isPartOf":{"@id":"https:\/\/www.mabru.be\/#website"},"datePublished":"2018-05-16T14:18:22+00:00","breadcrumb":{"@id":"https:\/\/www.mabru.be\/en\/declaration-de-lasbl-mabru-relative-a-protection-de-vie-privee\/#breadcrumb"},"inLanguage":"en-US","potentialAction":[{"@type":"ReadAction","target":["https:\/\/www.mabru.be\/en\/declaration-de-lasbl-mabru-relative-a-protection-de-vie-privee\/"]}]},{"@type":"BreadcrumbList","@id":"https:\/\/www.mabru.be\/en\/declaration-de-lasbl-mabru-relative-a-protection-de-vie-privee\/#breadcrumb","itemListElement":[{"@type":"ListItem","position":1,"name":"Accueil","item":"https:\/\/www.mabru.be\/en\/"},{"@type":"ListItem","position":2,"name":"D\u00e9claration de l\u2019asbl Mabru relative \u00e0 la protection de la vie priv\u00e9e"}]},{"@type":"WebSite","@id":"https:\/\/www.mabru.be\/#website","url":"https:\/\/www.mabru.be\/","name":"Mabru","description":"March\u00e9 Matinal de Bruxelles","potentialAction":[{"@type":"SearchAction","target":{"@type":"EntryPoint","urlTemplate":"https:\/\/www.mabru.be\/?s={search_term_string}"},"query-input":{"@type":"PropertyValueSpecification","valueRequired":true,"valueName":"search_term_string"}}],"inLanguage":"en-US"}]}},"_links":{"self":[{"href":"https:\/\/www.mabru.be\/en\/wp-json\/wp\/v2\/pages\/5548","targetHints":{"allow":["GET"]}}],"collection":[{"href":"https:\/\/www.mabru.be\/en\/wp-json\/wp\/v2\/pages"}],"about":[{"href":"https:\/\/www.mabru.be\/en\/wp-json\/wp\/v2\/types\/page"}],"author":[{"embeddable":true,"href":"https:\/\/www.mabru.be\/en\/wp-json\/wp\/v2\/users\/1"}],"replies":[{"embeddable":true,"href":"https:\/\/www.mabru.be\/en\/wp-json\/wp\/v2\/comments?post=5548"}],"version-history":[{"count":0,"href":"https:\/\/www.mabru.be\/en\/wp-json\/wp\/v2\/pages\/5548\/revisions"}],"wp:attachment":[{"href":"https:\/\/www.mabru.be\/en\/wp-json\/wp\/v2\/media?parent=5548"}],"curies":[{"name":"wp","href":"https:\/\/api.w.org\/{rel}","templated":true}]}}