{"id":5536,"date":"2018-05-16T14:59:27","date_gmt":"2018-05-16T13:59:27","guid":{"rendered":"http:\/\/www.mabru.be\/lasbl-mabru-utilise-cookies-faciliter-experience-de-navigation-site\/"},"modified":"2018-05-16T15:15:03","modified_gmt":"2018-05-16T14:15:03","slug":"lasbl-mabru-utilise-cookies-faciliter-experience-de-navigation-site","status":"publish","type":"page","link":"https:\/\/www.mabru.be\/en\/lasbl-mabru-utilise-cookies-faciliter-experience-de-navigation-site\/","title":{"rendered":"L\u2019asbl Mabru utilise des cookies pour faciliter votre exp\u00e9rience de navigation sur ce site"},"content":{"rendered":"<div class=\"outer\"><div class=\"wpb_row\"><div class=\"container clearfix\"><div class=\"column vc_span12 wpb_column column_container\"><div class=\"inner\">\n<h1>L\u2019asbl Mabru utilise des cookies pour faciliter votre exp\u00e9rience de navigation sur ce site<\/h1>\n<p>&nbsp;<\/p>\n<p><strong>L\u00e9gislation en mati\u00e8re de cookies<\/strong><br \/>\nL\u2019asbl Mabru utilise des cookies pour rendre votre exp\u00e9rience de navigation plus facile et plus agr\u00e9able et pour mieux adapter le contenu de son site \u00e0 vos besoins et pr\u00e9f\u00e9rences. Vous pouvez refuser l\u2019installation de cookies, mais dans ce cas, certains \u00e9l\u00e9ments de notre site ne fonctionneront pas, ou pas de fa\u00e7on optimale. Si vous poursuivez la visite de notre site sans adapter les param\u00e8tres de vos cookies et si vous cliquez sur le lien \u00ab continuer \u00bb, nous partons du principe que vous acceptez l\u2019installation de cookies.<\/p>\n<p>&nbsp;<\/p>\n<p><strong>Politique en mati\u00e8re de cookies<\/strong><br \/>\nUn cookie est un petit fichier texte que le serveur d\u2019un site installe dans le navigateur de votre ordinateur ou sur votre appareil mobile, lorsque vous consultez le site. Le cookie comporte un code unique qui permet de reconna\u00eetre votre navigateur pendant la visite du site (appel\u00e9 cookie de session) ou lors de visites ult\u00e9rieures r\u00e9p\u00e9t\u00e9es (appel\u00e9 cookie permanent). Les cookies peuvent \u00eatre install\u00e9s par le serveur du site que vous visitez ou par des partenaires avec lesquels ce site collabore. Le serveur d\u2019un site peut seulement lire les cookies qu\u2019il a lui-m\u00eame install\u00e9s ; il n\u2019a acc\u00e8s \u00e0 aucune autre information se trouvant sur votre ordinateur ou votre appareil mobile. Les cookies sont stock\u00e9s sur votre ordinateur ou votre appareil mobile, dans le r\u00e9pertoire de votre navigateur. Le contenu d\u2019un cookie se compose g\u00e9n\u00e9ralement du nom du serveur qui l\u2019a install\u00e9, d\u2019une date d\u2019expiration et d\u2019un code chiffr\u00e9 unique. Les cookies facilitent et acc\u00e9l\u00e8rent g\u00e9n\u00e9ralement l\u2019interaction entre le visiteur et le site internet et aident le visiteur \u00e0 naviguer entre les diff\u00e9rentes rubriques du site.<\/p>\n<p>&nbsp;<\/p>\n<p><strong>Google Analytics<\/strong><br \/>\nCe site utilise Google Analytics, un service d\u2019analyse de sites Web, propos\u00e9 par Google Inc. Google Analytics utilise des cookies (de petits fichiers textes install\u00e9s sur votre ordinateur) pour aider \u00e0 analyser la mani\u00e8re dont les internautes utilisent le site. L\u2019information que votre cookie g\u00e9n\u00e8re \u00e0 propos de votre utilisation du site (y compris votre adresse IP) est transf\u00e9r\u00e9e sur et par Google vers des serveurs aux \u00c9tats-Unis. Google utilise cette information pour tenir \u00e0 jour la mani\u00e8re dont vous utilisez le site, \u00e9tablir des rapports sur l\u2019activit\u00e9 du site, destin\u00e9s aux exploitants du site, et proposer d\u2019autres services concernant l\u2019activit\u00e9 du site et l\u2019utilisation d\u2019internet. Google peut fournir cette information \u00e0 des tiers si Google estime y \u00eatre l\u00e9galement oblig\u00e9 ou dans la mesure o\u00f9 ces tiers traitent l\u2019information au nom de Google. Google ne combinera pas votre adresse IP \u00e0 d\u2019autres donn\u00e9es dont il dispose.<\/p>\n<p>&nbsp;<\/p>\n<p><strong>Gestion des cookies<\/strong><br \/>\nVous pouvez refuser l\u2019installation de cookies en param\u00e9trant votre navigateur. Sur le site suivant, vous trouverez la marche \u00e0 suivre pour refuser les cookies dans les navigateurs les plus utilis\u00e9s : www.aboutcookies.org. Vous pouvez \u00e9galement supprimer \u00e0 tout moment les cookies d\u00e9j\u00e0 install\u00e9s sur votre ordinateur ou appareil mobile.<\/div><\/div><\/div><\/div>\n<\/div>","protected":false},"excerpt":{"rendered":"","protected":false},"author":1,"featured_media":0,"parent":0,"menu_order":0,"comment_status":"closed","ping_status":"closed","template":"","meta":{"_acf_changed":false,"footnotes":""},"class_list":["post-5536","page","type-page","status-publish","hentry"],"acf":[],"yoast_head":"<!-- This site is optimized with the Yoast SEO plugin v27.5 - https:\/\/yoast.com\/product\/yoast-seo-wordpress\/ -->\n<title>L\u2019asbl Mabru utilise des cookies pour faciliter votre exp\u00e9rience de navigation sur ce site - Mabru<\/title>\n<meta name=\"robots\" content=\"index, follow, max-snippet:-1, max-image-preview:large, max-video-preview:-1\" \/>\n<link rel=\"canonical\" href=\"https:\/\/www.mabru.be\/en\/lasbl-mabru-utilise-cookies-faciliter-experience-de-navigation-site\/\" \/>\n<meta property=\"og:locale\" content=\"en_US\" \/>\n<meta property=\"og:type\" content=\"article\" \/>\n<meta property=\"og:title\" content=\"L\u2019asbl Mabru utilise des cookies pour faciliter votre exp\u00e9rience de navigation sur ce site - Mabru\" \/>\n<meta property=\"og:url\" content=\"https:\/\/www.mabru.be\/en\/lasbl-mabru-utilise-cookies-faciliter-experience-de-navigation-site\/\" \/>\n<meta property=\"og:site_name\" content=\"Mabru\" \/>\n<meta property=\"article:modified_time\" content=\"2018-05-16T14:15:03+00:00\" \/>\n<meta name=\"twitter:label1\" content=\"Est. reading time\" \/>\n\t<meta name=\"twitter:data1\" content=\"3 minutes\" \/>\n<script type=\"application\/ld+json\" class=\"yoast-schema-graph\">{\"@context\":\"https:\\\/\\\/schema.org\",\"@graph\":[{\"@type\":\"WebPage\",\"@id\":\"https:\\\/\\\/www.mabru.be\\\/en\\\/lasbl-mabru-utilise-cookies-faciliter-experience-de-navigation-site\\\/\",\"url\":\"https:\\\/\\\/www.mabru.be\\\/en\\\/lasbl-mabru-utilise-cookies-faciliter-experience-de-navigation-site\\\/\",\"name\":\"L\u2019asbl Mabru utilise des cookies pour faciliter votre exp\u00e9rience de navigation sur ce site - Mabru\",\"isPartOf\":{\"@id\":\"https:\\\/\\\/www.mabru.be\\\/#website\"},\"datePublished\":\"2018-05-16T13:59:27+00:00\",\"dateModified\":\"2018-05-16T14:15:03+00:00\",\"breadcrumb\":{\"@id\":\"https:\\\/\\\/www.mabru.be\\\/en\\\/lasbl-mabru-utilise-cookies-faciliter-experience-de-navigation-site\\\/#breadcrumb\"},\"inLanguage\":\"en-US\",\"potentialAction\":[{\"@type\":\"ReadAction\",\"target\":[\"https:\\\/\\\/www.mabru.be\\\/en\\\/lasbl-mabru-utilise-cookies-faciliter-experience-de-navigation-site\\\/\"]}]},{\"@type\":\"BreadcrumbList\",\"@id\":\"https:\\\/\\\/www.mabru.be\\\/en\\\/lasbl-mabru-utilise-cookies-faciliter-experience-de-navigation-site\\\/#breadcrumb\",\"itemListElement\":[{\"@type\":\"ListItem\",\"position\":1,\"name\":\"Accueil\",\"item\":\"https:\\\/\\\/www.mabru.be\\\/en\\\/\"},{\"@type\":\"ListItem\",\"position\":2,\"name\":\"L\u2019asbl Mabru utilise des cookies pour faciliter votre exp\u00e9rience de navigation sur ce site\"}]},{\"@type\":\"WebSite\",\"@id\":\"https:\\\/\\\/www.mabru.be\\\/#website\",\"url\":\"https:\\\/\\\/www.mabru.be\\\/\",\"name\":\"Mabru\",\"description\":\"March\u00e9 Matinal de Bruxelles\",\"potentialAction\":[{\"@type\":\"SearchAction\",\"target\":{\"@type\":\"EntryPoint\",\"urlTemplate\":\"https:\\\/\\\/www.mabru.be\\\/?s={search_term_string}\"},\"query-input\":{\"@type\":\"PropertyValueSpecification\",\"valueRequired\":true,\"valueName\":\"search_term_string\"}}],\"inLanguage\":\"en-US\"}]}<\/script>\n<!-- \/ Yoast SEO plugin. -->","yoast_head_json":{"title":"L\u2019asbl Mabru utilise des cookies pour faciliter votre exp\u00e9rience de navigation sur ce site - Mabru","robots":{"index":"index","follow":"follow","max-snippet":"max-snippet:-1","max-image-preview":"max-image-preview:large","max-video-preview":"max-video-preview:-1"},"canonical":"https:\/\/www.mabru.be\/en\/lasbl-mabru-utilise-cookies-faciliter-experience-de-navigation-site\/","og_locale":"en_US","og_type":"article","og_title":"L\u2019asbl Mabru utilise des cookies pour faciliter votre exp\u00e9rience de navigation sur ce site - Mabru","og_url":"https:\/\/www.mabru.be\/en\/lasbl-mabru-utilise-cookies-faciliter-experience-de-navigation-site\/","og_site_name":"Mabru","article_modified_time":"2018-05-16T14:15:03+00:00","twitter_misc":{"Est. reading time":"3 minutes"},"schema":{"@context":"https:\/\/schema.org","@graph":[{"@type":"WebPage","@id":"https:\/\/www.mabru.be\/en\/lasbl-mabru-utilise-cookies-faciliter-experience-de-navigation-site\/","url":"https:\/\/www.mabru.be\/en\/lasbl-mabru-utilise-cookies-faciliter-experience-de-navigation-site\/","name":"L\u2019asbl Mabru utilise des cookies pour faciliter votre exp\u00e9rience de navigation sur ce site - Mabru","isPartOf":{"@id":"https:\/\/www.mabru.be\/#website"},"datePublished":"2018-05-16T13:59:27+00:00","dateModified":"2018-05-16T14:15:03+00:00","breadcrumb":{"@id":"https:\/\/www.mabru.be\/en\/lasbl-mabru-utilise-cookies-faciliter-experience-de-navigation-site\/#breadcrumb"},"inLanguage":"en-US","potentialAction":[{"@type":"ReadAction","target":["https:\/\/www.mabru.be\/en\/lasbl-mabru-utilise-cookies-faciliter-experience-de-navigation-site\/"]}]},{"@type":"BreadcrumbList","@id":"https:\/\/www.mabru.be\/en\/lasbl-mabru-utilise-cookies-faciliter-experience-de-navigation-site\/#breadcrumb","itemListElement":[{"@type":"ListItem","position":1,"name":"Accueil","item":"https:\/\/www.mabru.be\/en\/"},{"@type":"ListItem","position":2,"name":"L\u2019asbl Mabru utilise des cookies pour faciliter votre exp\u00e9rience de navigation sur ce site"}]},{"@type":"WebSite","@id":"https:\/\/www.mabru.be\/#website","url":"https:\/\/www.mabru.be\/","name":"Mabru","description":"March\u00e9 Matinal de Bruxelles","potentialAction":[{"@type":"SearchAction","target":{"@type":"EntryPoint","urlTemplate":"https:\/\/www.mabru.be\/?s={search_term_string}"},"query-input":{"@type":"PropertyValueSpecification","valueRequired":true,"valueName":"search_term_string"}}],"inLanguage":"en-US"}]}},"_links":{"self":[{"href":"https:\/\/www.mabru.be\/en\/wp-json\/wp\/v2\/pages\/5536","targetHints":{"allow":["GET"]}}],"collection":[{"href":"https:\/\/www.mabru.be\/en\/wp-json\/wp\/v2\/pages"}],"about":[{"href":"https:\/\/www.mabru.be\/en\/wp-json\/wp\/v2\/types\/page"}],"author":[{"embeddable":true,"href":"https:\/\/www.mabru.be\/en\/wp-json\/wp\/v2\/users\/1"}],"replies":[{"embeddable":true,"href":"https:\/\/www.mabru.be\/en\/wp-json\/wp\/v2\/comments?post=5536"}],"version-history":[{"count":0,"href":"https:\/\/www.mabru.be\/en\/wp-json\/wp\/v2\/pages\/5536\/revisions"}],"wp:attachment":[{"href":"https:\/\/www.mabru.be\/en\/wp-json\/wp\/v2\/media?parent=5536"}],"curies":[{"name":"wp","href":"https:\/\/api.w.org\/{rel}","templated":true}]}}